{"id":4035,"date":"2020-08-03T15:27:22","date_gmt":"2020-08-03T14:27:22","guid":{"rendered":"http:\/\/ecec.org.uk\/?page_id=4035\/"},"modified":"2025-06-20T10:59:01","modified_gmt":"2025-06-20T09:59:01","slug":"2022zhaosheng","status":"publish","type":"page","link":"https:\/\/ecec.org.uk\/en\/2022zhaosheng\/","title":{"rendered":"2025-2026 Admissions Information"},"content":{"rendered":"<div  class=\"fusion-fullwidth fullwidth-box fusion-blend-mode nonhundred-percent-fullwidth\"  style='background-color: rgba(255,255,255,0);background-position: center center;background-repeat: no-repeat;padding-top:0px;padding-right:0px;padding-bottom:0px;padding-left:0px;'><div class=\"fusion-builder-row fusion-row \"><div  class=\"fusion-layout-column fusion_builder_column fusion_builder_column_1_1  fusion-one-full fusion-column-first fusion-column-last 1_1\"  style='margin-top:0px;margin-bottom:0px;'>\n\t\t\t\t\t<div class=\"fusion-column-wrapper\" style=\"background-position:left top;background-repeat:no-repeat;-webkit-background-size:cover;-moz-background-size:cover;-o-background-size:cover;background-size:cover;\"  data-bg-url=\"\">\n\t\t\t\t\t\t<h1 style=\"text-align: center;\"><strong><span style=\"color: #000000;\">2025-2026 Admissions Information<\/span><\/strong><\/h1>\n<p><strong>Start date: September 7, 2025 (<span style=\"color: #993300;\">Sunday<\/span>), 30-week course throughout the year<\/strong><\/p>\n<p><strong>Location: <span style=\"color: #993300;\">Inch Community Education Centre<\/span><br \/>\n<\/strong><\/p>\n<p><img loading=\"lazy\" decoding=\"async\" class=\"alignnone size-full wp-image-12249\" src=\"http:\/\/ecec.org.uk\/wp-content\/uploads\/2025\/06\/Selection_072.png\" alt=\"\" width=\"1023\" height=\"1176\" srcset=\"https:\/\/ecec.org.uk\/wp-content\/uploads\/2025\/06\/Selection_072-200x230.png 200w, https:\/\/ecec.org.uk\/wp-content\/uploads\/2025\/06\/Selection_072-261x300.png 261w, https:\/\/ecec.org.uk\/wp-content\/uploads\/2025\/06\/Selection_072-400x460.png 400w, https:\/\/ecec.org.uk\/wp-content\/uploads\/2025\/06\/Selection_072-600x690.png 600w, https:\/\/ecec.org.uk\/wp-content\/uploads\/2025\/06\/Selection_072-768x883.png 768w, https:\/\/ecec.org.uk\/wp-content\/uploads\/2025\/06\/Selection_072-800x920.png 800w, https:\/\/ecec.org.uk\/wp-content\/uploads\/2025\/06\/Selection_072-891x1024.png 891w, https:\/\/ecec.org.uk\/wp-content\/uploads\/2025\/06\/Selection_072.png 1023w\" sizes=\"(max-width: 1023px) 100vw, 1023px\" \/><\/p>\n<p>**The number of the classes is about 8 students except Mandarin classes. Class times are guidelines and are subject to possible change.<\/p>\n<h2><strong><span style=\"color: #993300;\">SQA Chinese Exam Preparation Class Introduction<\/span><\/strong><\/h2>\n<p>Specifically, for S2\/S3 students, the textbook uses local Scottish textbooks &#8220;&#8221;J\u00ecn b\u00f9 One&#8221;, &#8220;J\u00ecn b\u00f9 Two&#8221;, and &#8220;GCSE&#8221;. The class is taught by Teacher Ye Liu \/Jin Zhao.\u00a0 A test is set for every unit in this class, cultivating examination skills and Chinese expression abilities; promoting methods to destress before exams. The goal is to encourage students to complete the N5 exam in advance in S3, prepare for S4 to complete Higher in advance, and S5 to complete the Advanced Higher exam in advance.<\/p>\n<h2><strong>\u00a0<span style=\"color: #993300;\">SQA Chinese Exam Class Introduction <\/span><\/strong><\/h2>\n<p>SQA Chinese exam include three levels of National 5, Higher and Advanced Higher. The class is taught by Jin Zhao, a professional teacher with rich teaching experience. Providing teaching services that include exam counselling, exam registration, and exam arrangement.\u00a0 In the past three years, students in the ECEC Chinese School have performed extremely well in Chinese exams aiding them in their applications to prestigious Universities. They have successfully entered London Politics and Economics, Imperial College London, University of Edinburgh, University of Glasgow, University of St Andrews, etc. The students proudly call this class &#8220;Achievers League&#8221;, sprinting into prestigious schools in an atmosphere of hard work. The school also specially added the following services for examination classes:<\/p>\n<ol>\n<li>Invite graduates to share their application experience and experience in prestigious schools; professionals provide application suggestions<\/li>\n<li>Invite guest speakers to give guidance for students to consider future career plans while applying for their majors<\/li>\n<li>Hire Maths, English and other professional teachers to run tutorial classes to help students to achieve successful applications<\/li>\n<\/ol>\n<h2><strong><span style=\"color: #993300;\">Payment information<\/span><\/strong><\/h2>\n<p>Account name: ECEC<\/p>\n<p>Sort code: 40-20-54<\/p>\n<p>Account number: 40639885<\/p>\n<p>References: Please indicate the child&#8217;s full name and course name<\/p>\n<h3><strong>For class paid by year, the payment time is until June 30, 2025 and a management fee of \u00a350 will apply after July 1, 2025<\/strong><\/h3>\n<p>New students and all current students please fill &#8220;<a href=\"https:\/\/forms.gle\/D2j4bX32yFM5SdqS8\"><strong><span style=\"text-decoration: underline;\"><span style=\"color: #008000; text-decoration: underline;\">S<\/span><\/span><span style=\"text-decoration: underline; color: #008000;\"><span style=\"color: #008000; text-decoration: underline;\">t<\/span>udent Registeration<\/span><\/strong><\/a>&#8221; form<\/p>\n<h2><span style=\"color: #993300;\"><strong>Contact information<\/strong><\/span><\/h2>\n<p>Contact email: info@ecec.org.uk<\/p>\n<p>WeChat:<\/p>\n<p><img loading=\"lazy\" decoding=\"async\" class=\"alignnone wp-image-6349 size-full\" src=\"http:\/\/ecec.org.uk\/wp-content\/uploads\/2022\/07\/IMG_3572-1.jpg\" alt=\"\" width=\"430\" height=\"430\" srcset=\"https:\/\/ecec.org.uk\/wp-content\/uploads\/2022\/07\/IMG_3572-1-66x66.jpg 66w, https:\/\/ecec.org.uk\/wp-content\/uploads\/2022\/07\/IMG_3572-1-150x150.jpg 150w, https:\/\/ecec.org.uk\/wp-content\/uploads\/2022\/07\/IMG_3572-1-200x200.jpg 200w, https:\/\/ecec.org.uk\/wp-content\/uploads\/2022\/07\/IMG_3572-1-300x300.jpg 300w, https:\/\/ecec.org.uk\/wp-content\/uploads\/2022\/07\/IMG_3572-1-400x400.jpg 400w, https:\/\/ecec.org.uk\/wp-content\/uploads\/2022\/07\/IMG_3572-1.jpg 430w\" sizes=\"(max-width: 430px) 100vw, 430px\" \/><\/p>\n<div class=\"fusion-clearfix\"><\/div>\n\n\t\t\t\t\t<\/div>\n\t\t\t\t<\/div><\/div><\/div>\n","protected":false},"excerpt":{"rendered":"","protected":false},"author":3,"featured_media":0,"parent":0,"menu_order":0,"comment_status":"closed","ping_status":"closed","template":"","meta":{"footnotes":""},"class_list":["post-4035","page","type-page","status-publish","hentry"],"yoast_head":"<!-- This site is optimized with the Yoast SEO plugin v27.4 - https:\/\/yoast.com\/product\/yoast-seo-wordpress\/ -->\n<title>2025-2026 Admissions Information - Edinburgh Chinese Education Centre<\/title>\n<meta name=\"robots\" content=\"index, follow, max-snippet:-1, max-image-preview:large, max-video-preview:-1\" \/>\n<link rel=\"canonical\" href=\"https:\/\/ecec.org.uk\/en\/2022zhaosheng\/\" \/>\n<meta property=\"og:locale\" content=\"en_US\" \/>\n<meta property=\"og:type\" content=\"article\" \/>\n<meta property=\"og:title\" content=\"2025-2026 Admissions Information - Edinburgh Chinese Education Centre\" \/>\n<meta property=\"og:url\" content=\"https:\/\/ecec.org.uk\/en\/2022zhaosheng\/\" \/>\n<meta property=\"og:site_name\" content=\"Edinburgh Chinese Education Centre\" \/>\n<meta property=\"article:modified_time\" content=\"2025-06-20T09:59:01+00:00\" \/>\n<meta property=\"og:image\" content=\"https:\/\/ecec.org.uk\/wp-content\/uploads\/2025\/06\/Selection_072.png\" \/>\n\t<meta property=\"og:image:width\" content=\"1023\" \/>\n\t<meta property=\"og:image:height\" content=\"1176\" \/>\n\t<meta property=\"og:image:type\" content=\"image\/png\" \/>\n<meta name=\"twitter:card\" content=\"summary_large_image\" \/>\n<meta name=\"twitter:label1\" content=\"Est. reading time\" \/>\n\t<meta name=\"twitter:data1\" content=\"3 minutes\" \/>\n<script type=\"application\/ld+json\" class=\"yoast-schema-graph\">{\"@context\":\"https:\\\/\\\/schema.org\",\"@graph\":[{\"@type\":\"WebPage\",\"@id\":\"https:\\\/\\\/ecec.org.uk\\\/en\\\/2022zhaosheng\\\/\",\"url\":\"https:\\\/\\\/ecec.org.uk\\\/en\\\/2022zhaosheng\\\/\",\"name\":\"2025-2026 Admissions Information - Edinburgh Chinese Education Centre\",\"isPartOf\":{\"@id\":\"https:\\\/\\\/ecec.org.uk\\\/#website\"},\"primaryImageOfPage\":{\"@id\":\"https:\\\/\\\/ecec.org.uk\\\/en\\\/2022zhaosheng\\\/#primaryimage\"},\"image\":{\"@id\":\"https:\\\/\\\/ecec.org.uk\\\/en\\\/2022zhaosheng\\\/#primaryimage\"},\"thumbnailUrl\":\"http:\\\/\\\/ecec.org.uk\\\/wp-content\\\/uploads\\\/2025\\\/06\\\/Selection_072.png\",\"datePublished\":\"2020-08-03T14:27:22+00:00\",\"dateModified\":\"2025-06-20T09:59:01+00:00\",\"breadcrumb\":{\"@id\":\"https:\\\/\\\/ecec.org.uk\\\/en\\\/2022zhaosheng\\\/#breadcrumb\"},\"inLanguage\":\"en-US\",\"potentialAction\":[{\"@type\":\"ReadAction\",\"target\":[\"https:\\\/\\\/ecec.org.uk\\\/en\\\/2022zhaosheng\\\/\"]}]},{\"@type\":\"ImageObject\",\"inLanguage\":\"en-US\",\"@id\":\"https:\\\/\\\/ecec.org.uk\\\/en\\\/2022zhaosheng\\\/#primaryimage\",\"url\":\"http:\\\/\\\/ecec.org.uk\\\/wp-content\\\/uploads\\\/2025\\\/06\\\/Selection_072.png\",\"contentUrl\":\"http:\\\/\\\/ecec.org.uk\\\/wp-content\\\/uploads\\\/2025\\\/06\\\/Selection_072.png\"},{\"@type\":\"BreadcrumbList\",\"@id\":\"https:\\\/\\\/ecec.org.uk\\\/en\\\/2022zhaosheng\\\/#breadcrumb\",\"itemListElement\":[{\"@type\":\"ListItem\",\"position\":1,\"name\":\"Home\",\"item\":\"https:\\\/\\\/ecec.org.uk\\\/en\\\/\"},{\"@type\":\"ListItem\",\"position\":2,\"name\":\"2025-2026 Admissions Information\"}]},{\"@type\":\"WebSite\",\"@id\":\"https:\\\/\\\/ecec.org.uk\\\/#website\",\"url\":\"https:\\\/\\\/ecec.org.uk\\\/\",\"name\":\"Edinburgh Chinese Education Centre\",\"description\":\"One of the Best Chinese Schools in UK\",\"potentialAction\":[{\"@type\":\"SearchAction\",\"target\":{\"@type\":\"EntryPoint\",\"urlTemplate\":\"https:\\\/\\\/ecec.org.uk\\\/?s={search_term_string}\"},\"query-input\":{\"@type\":\"PropertyValueSpecification\",\"valueRequired\":true,\"valueName\":\"search_term_string\"}}],\"inLanguage\":\"en-US\"}]}<\/script>\n<!-- \/ Yoast SEO plugin. -->","yoast_head_json":{"title":"2025-2026 Admissions Information - Edinburgh Chinese Education Centre","robots":{"index":"index","follow":"follow","max-snippet":"max-snippet:-1","max-image-preview":"max-image-preview:large","max-video-preview":"max-video-preview:-1"},"canonical":"https:\/\/ecec.org.uk\/en\/2022zhaosheng\/","og_locale":"en_US","og_type":"article","og_title":"2025-2026 Admissions Information - Edinburgh Chinese Education Centre","og_url":"https:\/\/ecec.org.uk\/en\/2022zhaosheng\/","og_site_name":"Edinburgh Chinese Education Centre","article_modified_time":"2025-06-20T09:59:01+00:00","og_image":[{"width":1023,"height":1176,"url":"https:\/\/ecec.org.uk\/wp-content\/uploads\/2025\/06\/Selection_072.png","type":"image\/png"}],"twitter_card":"summary_large_image","twitter_misc":{"Est. reading time":"3 minutes"},"schema":{"@context":"https:\/\/schema.org","@graph":[{"@type":"WebPage","@id":"https:\/\/ecec.org.uk\/en\/2022zhaosheng\/","url":"https:\/\/ecec.org.uk\/en\/2022zhaosheng\/","name":"2025-2026 Admissions Information - Edinburgh Chinese Education Centre","isPartOf":{"@id":"https:\/\/ecec.org.uk\/#website"},"primaryImageOfPage":{"@id":"https:\/\/ecec.org.uk\/en\/2022zhaosheng\/#primaryimage"},"image":{"@id":"https:\/\/ecec.org.uk\/en\/2022zhaosheng\/#primaryimage"},"thumbnailUrl":"http:\/\/ecec.org.uk\/wp-content\/uploads\/2025\/06\/Selection_072.png","datePublished":"2020-08-03T14:27:22+00:00","dateModified":"2025-06-20T09:59:01+00:00","breadcrumb":{"@id":"https:\/\/ecec.org.uk\/en\/2022zhaosheng\/#breadcrumb"},"inLanguage":"en-US","potentialAction":[{"@type":"ReadAction","target":["https:\/\/ecec.org.uk\/en\/2022zhaosheng\/"]}]},{"@type":"ImageObject","inLanguage":"en-US","@id":"https:\/\/ecec.org.uk\/en\/2022zhaosheng\/#primaryimage","url":"http:\/\/ecec.org.uk\/wp-content\/uploads\/2025\/06\/Selection_072.png","contentUrl":"http:\/\/ecec.org.uk\/wp-content\/uploads\/2025\/06\/Selection_072.png"},{"@type":"BreadcrumbList","@id":"https:\/\/ecec.org.uk\/en\/2022zhaosheng\/#breadcrumb","itemListElement":[{"@type":"ListItem","position":1,"name":"Home","item":"https:\/\/ecec.org.uk\/en\/"},{"@type":"ListItem","position":2,"name":"2025-2026 Admissions Information"}]},{"@type":"WebSite","@id":"https:\/\/ecec.org.uk\/#website","url":"https:\/\/ecec.org.uk\/","name":"Edinburgh Chinese Education Centre","description":"One of the Best Chinese Schools in UK","potentialAction":[{"@type":"SearchAction","target":{"@type":"EntryPoint","urlTemplate":"https:\/\/ecec.org.uk\/?s={search_term_string}"},"query-input":{"@type":"PropertyValueSpecification","valueRequired":true,"valueName":"search_term_string"}}],"inLanguage":"en-US"}]}},"_links":{"self":[{"href":"https:\/\/ecec.org.uk\/en\/wp-json\/wp\/v2\/pages\/4035"}],"collection":[{"href":"https:\/\/ecec.org.uk\/en\/wp-json\/wp\/v2\/pages"}],"about":[{"href":"https:\/\/ecec.org.uk\/en\/wp-json\/wp\/v2\/types\/page"}],"author":[{"embeddable":true,"href":"https:\/\/ecec.org.uk\/en\/wp-json\/wp\/v2\/users\/3"}],"replies":[{"embeddable":true,"href":"https:\/\/ecec.org.uk\/en\/wp-json\/wp\/v2\/comments?post=4035"}],"version-history":[{"count":36,"href":"https:\/\/ecec.org.uk\/en\/wp-json\/wp\/v2\/pages\/4035\/revisions"}],"predecessor-version":[{"id":12251,"href":"https:\/\/ecec.org.uk\/en\/wp-json\/wp\/v2\/pages\/4035\/revisions\/12251"}],"wp:attachment":[{"href":"https:\/\/ecec.org.uk\/en\/wp-json\/wp\/v2\/media?parent=4035"}],"curies":[{"name":"wp","href":"https:\/\/api.w.org\/{rel}","templated":true}]}}